{"id":2,"date":"2021-10-25T17:42:57","date_gmt":"2021-10-25T15:42:57","guid":{"rendered":"https:\/\/www.michalgasperan.sk\/?page_id=2"},"modified":"2025-10-26T14:20:35","modified_gmt":"2025-10-26T13:20:35","slug":"kontakty-a-cv","status":"publish","type":"page","link":"https:\/\/www.michalgasperan.sk\/","title":{"rendered":"Michal Ga\u0161peran"},"content":{"rendered":"\n<p><\/p>\n\n\n\n<blockquote class=\"wp-block-quote has-text-align-right\"><p>&#8222;R\u00e1d organizujem firemn\u00e9 procesy s cie\u013eom dosiahnu\u0165 maxim\u00e1lnu profitabilitu spolo\u010dnosti, <\/p><p>v ktorej pracujem.&#8220;<\/p><cite><br>Michal Ga\u0161peran, 45 rokov <\/cite><\/blockquote>\n\n\n\n<p><\/p>\n\n\n\n<p><\/p>\n\n\n\n<figure class=\"wp-block-image size-large\"><img loading=\"lazy\" width=\"1024\" height=\"809\" src=\"https:\/\/www.michalgasperan.sk\/wp-content\/uploads\/2021\/10\/gasperan-1024x809.jpg\" alt=\"\" class=\"wp-image-226\" srcset=\"https:\/\/www.michalgasperan.sk\/wp-content\/uploads\/2021\/10\/gasperan-1024x809.jpg 1024w, https:\/\/www.michalgasperan.sk\/wp-content\/uploads\/2021\/10\/gasperan-300x237.jpg 300w, https:\/\/www.michalgasperan.sk\/wp-content\/uploads\/2021\/10\/gasperan-768x607.jpg 768w, https:\/\/www.michalgasperan.sk\/wp-content\/uploads\/2021\/10\/gasperan-1536x1213.jpg 1536w, https:\/\/www.michalgasperan.sk\/wp-content\/uploads\/2021\/10\/gasperan-2048x1618.jpg 2048w\" sizes=\"(max-width: 1024px) 100vw, 1024px\" \/><\/figure>\n\n\n\n<p><span class=\"has-inline-color has-white-color\">&#8230;<\/span><\/p>\n\n\n\n<h2><span class=\"has-inline-color has-luminous-vivid-orange-color\"><strong>PROJEKTY, na ktor\u00fdch aktu\u00e1lne pracujem<\/strong><\/span><\/h2>\n\n\n\n<p><span class=\"has-inline-color has-white-color\">&#8230;<\/span><\/p>\n\n\n\n<h3><strong><span class=\"has-inline-color has-black-color\">RoboteX Slovakia<\/span><\/strong>, s.r.o.<\/h3>\n\n\n\n<blockquote class=\"wp-block-quote\"><p>V\u00fdvoj unik\u00e1tnych technologick\u00fdch produktov<\/p><p><a rel=\"noreferrer noopener\" href=\"http:\/\/www.robotex.sk\" data-type=\"URL\" data-id=\"www.robotex.sk\" target=\"_blank\">www.robotex.sk<\/a><\/p><\/blockquote>\n\n\n\n<h3><strong><span class=\"has-inline-color has-black-color\">ProPACTA<\/span><\/strong>, s.r.o.<\/h3>\n\n\n\n<blockquote class=\"wp-block-quote\"><p>Pren\u00e1jom nehnute\u013enost\u00ed<\/p><\/blockquote>\n\n\n\n<h3> <strong><span class=\"has-inline-color has-black-color\">MATH CLUB<\/span><\/strong>, s.r.o.<\/h3>\n\n\n\n<blockquote class=\"wp-block-quote\"><p>Klub projektov<\/p><p><a rel=\"noreferrer noopener\" href=\"http:\/\/www.mathclub.sk\" data-type=\"URL\" data-id=\"http:\/\/www.mathclub.sk\" target=\"_blank\">www.mathclub.sk<\/a><\/p><\/blockquote>\n\n\n\n<h3> <strong><strong><span class=\"has-inline-color has-black-color\">EKONAX<\/span><\/strong><\/strong>, s.r.o.<\/h3>\n\n\n\n<blockquote class=\"wp-block-quote\"><p>Spr\u00e1va firiem a vedenie \u00fa\u010dtovn\u00edctva<\/p><p><a rel=\"noreferrer noopener\" href=\"http:\/\/www.ekonax.sk\" data-type=\"URL\" data-id=\"http:\/\/www.ekonax.sk\" target=\"_blank\">www.ekonax.sk<\/a> (web v procese v\u00fdvoja)<\/p><\/blockquote>\n\n\n\n<h3><strong><span class=\"has-inline-color has-black-color\"> <strong><span class=\"has-inline-color has-black-color\">P\u00edla Ros\u00edk<\/span><\/strong><\/span><\/strong>, s.r.o.<\/h3>\n\n\n\n<blockquote class=\"wp-block-quote\"><p>Chief Financial Officer<\/p><p><a href=\"http:\/\/www.pilarosik.sk\" data-type=\"URL\" data-id=\"http:\/\/www.pilarosik.sk\" target=\"_blank\" rel=\"noreferrer noopener\">www.pilarosik.sk<\/a><\/p><\/blockquote>\n\n\n\n<p><\/p>\n\n\n\n<h2><span class=\"has-inline-color has-luminous-vivid-orange-color\"><strong>PROJEKTY, na ktor\u00fdch som pracoval<\/strong><\/span><\/h2>\n\n\n\n<p><span class=\"has-inline-color has-white-color\">&#8230;<\/span><\/p>\n\n\n\n<h3><strong><span class=\"has-inline-color has-black-color\">MMM WOOD<\/span><\/strong>, s.r.o.<\/h3>\n\n\n\n<blockquote class=\"wp-block-quote\"><p>Spolu s mojimi kolegami sme medzi rokmi 2010-2021 z nuly vybudovali v\u00fdrobno-obchodn\u00fa drev\u00e1rsku spolo\u010dnos\u0165. Vybudovali sme obchodn\u00e9 partnerstv\u00e1 na 3 kontinentoch. Na vrchole sme zamestn\u00e1vali 100 zamestnancov s mili\u00f3nov\u00fdmi obratmi. V 2021 sme t\u00fato spolo\u010dnos\u0165 predali nemeck\u00fdm investorom. <\/p><\/blockquote>\n\n\n\n<h3><span class=\"has-inline-color has-black-color\"><strong>\u017deleziarne Podbrezov\u00e1<\/strong>, a.s.<\/span><\/h3>\n\n\n\n<blockquote class=\"wp-block-quote\"><p>Medzi rokmi 2003-2010 som sa v korpor\u00e1tnej spolo\u010dnosti u\u010dil robi\u0165 biznis. Asistoval som na viacer\u00fdch pracovn\u00fdch poz\u00edci\u00e1ch vo v\u00fdrobe, na obchode a na v\u00fdvoji. <\/p><\/blockquote>\n\n\n\n<p>  <\/p>\n\n\n\n<h2><span class=\"has-inline-color has-luminous-vivid-orange-color\"><strong>OBLASTI, ktor\u00fdm sa dos\u0165 dobre rozumiem<\/strong><\/span><\/h2>\n\n\n\n<p><span class=\"has-inline-color has-white-color\">&#8230;<\/span><\/p>\n\n\n\n<blockquote class=\"wp-block-quote\"><p>Architekt\u00fara syst\u00e9mov, Tv\u00e1rnenie kovov, Materi\u00e1lov\u00e9 in\u017einierstvo kovov, Elektrotechnika, Matematika, Fyzika, Deskript\u00edvna geometria, Technick\u00e9 kreslenie, N\u00e1vrhy technologick\u00fdch postupov v\u00fdroby, Rie\u0161enie technologick\u00fdch probl\u00e9mov, Rie\u0161enie medzi\u013eudsk\u00fdch vz\u0165ahov, Sp\u00e1janie t\u00edmov, Motiv\u00e1cia \u013eud\u00ed, Strategick\u00fd rozvoj firiem, Logistika a pl\u00e1novanie, Obchodn\u00e9 pr\u00e1vo, Pracovn\u00e9 pr\u00e1vo, Ekonomick\u00e9 a mzdov\u00e9 \u00fa\u010dtovn\u00edctvo, Finan\u010dn\u00fd mana\u017ement, Kr\u00edzov\u00fd mana\u017ement, Pr\u00e1ca s PC a ovl\u00e1danie mnoh\u00fdch softw\u00e9rov<\/p><\/blockquote>\n\n\n\n<p><span class=\"has-inline-color has-white-color\">&#8230;<\/span><\/p>\n\n\n\n<h2><span class=\"has-inline-color has-luminous-vivid-orange-color\"><strong>OBLASTI, do ktor\u00fdch fu\u0161ujem<\/strong><\/span><\/h2>\n\n\n\n<blockquote class=\"wp-block-quote\"><p>Programovanie, Angli\u010dtina, Nem\u010dina<\/p><\/blockquote>\n\n\n\n<p><span class=\"has-inline-color has-white-color\">&#8230;<\/span><\/p>\n\n\n\n<p><span class=\"has-inline-color has-white-color\">&#8230;<\/span><\/p>\n\n\n\n<h2><span class=\"has-inline-color has-luminous-vivid-orange-color\"><strong>Z\u00e1ujmy a z\u00e1\u013euby<\/strong><\/span> <\/h2>\n\n\n\n<figure class=\"wp-block-image size-full\"><img loading=\"lazy\" width=\"740\" height=\"111\" src=\"https:\/\/www.michalgasperan.sk\/wp-content\/uploads\/2021\/10\/zaujmy.png\" alt=\"\" class=\"wp-image-190\" srcset=\"https:\/\/www.michalgasperan.sk\/wp-content\/uploads\/2021\/10\/zaujmy.png 740w, https:\/\/www.michalgasperan.sk\/wp-content\/uploads\/2021\/10\/zaujmy-300x45.png 300w\" sizes=\"(max-width: 740px) 100vw, 740px\" \/><\/figure>\n\n\n\n<p><\/p>\n","protected":false},"excerpt":{"rendered":"<p>&#8222;R\u00e1d organizujem firemn\u00e9 procesy s cie\u013eom dosiahnu\u0165 maxim\u00e1lnu profitabilitu spolo\u010dnosti, v ktorej pracujem.&#8220; Michal Ga\u0161peran, 45 rokov &#8230; PROJEKTY, na ktor\u00fdch aktu\u00e1lne pracujem &#8230; RoboteX Slovakia, s.r.o. V\u00fdvoj unik\u00e1tnych technologick\u00fdch produktov www.robotex.sk ProPACTA, s.r.o. Pren\u00e1jom nehnute\u013enost\u00ed MATH CLUB, s.r.o. Klub projektov www.mathclub.sk EKONAX, s.r.o. Spr\u00e1va firiem a vedenie \u00fa\u010dtovn\u00edctva www.ekonax.sk&#8230;<\/p>\n","protected":false},"author":1,"featured_media":0,"parent":0,"menu_order":0,"comment_status":"closed","ping_status":"closed","template":"","meta":{"_monsterinsights_skip_tracking":false,"_monsterinsights_sitenote_active":false,"_monsterinsights_sitenote_note":"","_monsterinsights_sitenote_category":0},"_links":{"self":[{"href":"https:\/\/www.michalgasperan.sk\/index.php?rest_route=\/wp\/v2\/pages\/2"}],"collection":[{"href":"https:\/\/www.michalgasperan.sk\/index.php?rest_route=\/wp\/v2\/pages"}],"about":[{"href":"https:\/\/www.michalgasperan.sk\/index.php?rest_route=\/wp\/v2\/types\/page"}],"author":[{"embeddable":true,"href":"https:\/\/www.michalgasperan.sk\/index.php?rest_route=\/wp\/v2\/users\/1"}],"replies":[{"embeddable":true,"href":"https:\/\/www.michalgasperan.sk\/index.php?rest_route=%2Fwp%2Fv2%2Fcomments&post=2"}],"version-history":[{"count":5,"href":"https:\/\/www.michalgasperan.sk\/index.php?rest_route=\/wp\/v2\/pages\/2\/revisions"}],"predecessor-version":[{"id":471,"href":"https:\/\/www.michalgasperan.sk\/index.php?rest_route=\/wp\/v2\/pages\/2\/revisions\/471"}],"wp:attachment":[{"href":"https:\/\/www.michalgasperan.sk\/index.php?rest_route=%2Fwp%2Fv2%2Fmedia&parent=2"}],"curies":[{"name":"wp","href":"https:\/\/api.w.org\/{rel}","templated":true}]}}